{"id":219,"date":"2016-08-30T22:28:51","date_gmt":"2016-08-30T20:28:51","guid":{"rendered":"http:\/\/www.fisioleone.it\/site\/?page_id=219"},"modified":"2024-10-04T15:04:40","modified_gmt":"2024-10-04T13:04:40","slug":"docenze","status":"publish","type":"page","link":"http:\/\/www.fisioleone.it\/site\/docenze\/","title":{"rendered":"Docenze"},"content":{"rendered":"<p><img loading=\"lazy\" class=\"alignnone size-full wp-image-54\" src=\"http:\/\/www.fisioleone.it\/site\/wp-content\/uploads\/2016\/08\/1-presentazione.jpg\" alt=\"1-presentazione\" width=\"1014\" height=\"402\" srcset=\"http:\/\/www.fisioleone.it\/site\/wp-content\/uploads\/2016\/08\/1-presentazione.jpg 1014w, http:\/\/www.fisioleone.it\/site\/wp-content\/uploads\/2016\/08\/1-presentazione-300x119.jpg 300w, http:\/\/www.fisioleone.it\/site\/wp-content\/uploads\/2016\/08\/1-presentazione-768x304.jpg 768w, http:\/\/www.fisioleone.it\/site\/wp-content\/uploads\/2016\/08\/1-presentazione-956x379.jpg 956w\" sizes=\"(max-width: 1014px) 100vw, 1014px\" \/><\/p>\n<h1 style=\"text-align: center;\"><strong><span style=\"color: #ff0000;\">CORSO DI CONTROLLO MOTORIO E RIEQUILIBRIO MUSCOLARE<\/span><\/strong><\/h1>\n<p>Il Corso di \u201cControllo Motorio\u201d ha come obiettivo quello di insegnare ad identificare se abitudini posturali, movimenti o altre situazioni di squilibrio tra diversi gruppi muscolari sono responsabili dei sintomi del paziente.<\/p>\n<p>I 4 Moduli da 2 giorni ciascuno del Corso completo, sono strutturati in modo da sviluppare nel partecipante una buona competenza valutativa, per mostrare quando e come proporre timing di reclutamento muscolare differenti, e\/o suggerire posizioni \/ movimenti alternativi, con effetti immediati e duraturi sulla sintomatologia del paziente.<\/p>\n<p>Numerosissime foto e video di pazienti reali, oltre che simulazioni pratiche tra i discenti facilitano comprensione e apprendimento, e permettono un\u2019applicabilit\u00e0 immediata di quanto insegnato, una volta ritornati alla propria pratica quotidiana.<\/p>\n<p>Il Corso di \u201cControllo Motorio\u201d rappresenta una preziosa proposta riabilitativa che non pu\u00f2 mancare nella formazione del Fisioterapista e\/o dell\u2019Osteopata, che si occupa di pazienti con dolori muscoloscheletrici.<\/p>\n<p>Per le strutture sanitarie e i centri riabilitativi interessati all\u2019organizzazione del Corso, \u00e8 possibile, previo accordo, proporre i soli 2 primi moduli (lombare e arto inferiore) oppure singolarmente il modulo spalla o quello cervicale.<\/p>\n<h3 style=\"text-align: center;\"><strong>Maggiori informazioni <span style=\"color: #000000;\">e iscrizioni <\/span><a href=\"https:\/\/www.controllomotorio.it\/motorio\/\" target=\"_blank\" rel=\"noopener\"><span style=\"color: #000000;\"><span style=\"color: #0000ff;\">Qui<\/span><\/span><\/a><\/strong><\/h3>\n<h1 style=\"text-align: center;\"><strong><span style=\"color: #ff0000;\">CORSO DI MANIPOLAZIONI VERTEBRALI E PERIFERICHE<\/span><\/strong><\/h1>\n<p>Le manipolazioni vertebrali e periferiche sono una strategia terapeutica che non pu\u00f2 assolutamente mancare tra le opzioni di intervento a disposizione del fisioterapista che si occupa di disordini muscoloscheletrici.\u00a0La data di nascita di tali tecniche si perde nella storia dell\u2019uomo, che nel tempo ha cercato un razionale scientifico che ne giustificasse gli effetti terapeutici e gli fornisse indicazioni di utilizzo.<\/p>\n<p>Uno dei primi tentativi si \u00e8 basato sulla biomeccanica articolare, e ancora oggi, in diverse scuole osteopatiche e di terapia manuale resta la base di test valutativi e tecniche manipolative.\u00a0Tale approccio \u00e8 ancora una spiegazione utilizzabile oggi oppure \u00e8 da abbandonare completamente?<\/p>\n<p>Pi\u00f9 recentemente \u00e8 stato introdotto un razionale su base neurofisiologica; \u00e8 soddisfacente nel guidarci nelle scelte terapeutiche e nel comprendere i risultati ottenuti?<\/p>\n<p>Nella prima parte di questo Corso si cercher\u00e0 di rispondere a questo e ad altri quesiti, seguendo i risultati delle pubblicazioni scientifiche di questo ultimo decennio, sottolineando i dubbi e le contraddizioni che ancora attendono di essere chiariti.\u00a0I test valutativi e le tecniche manipolative che vengono proposti nel Corso tengono conto di quanto esposto sopra, e per ogni suggerimento vengono considerati i requisiti psicometrici.<\/p>\n<p>Una corposa bibliografia racchiude tutte le referenze citate permettendo a ciascuno un\u2019ulteriore possibilit\u00e0 di approfondimento. I diversi moduli sono strutturati in maniera da permettere un\u2019applicabilit\u00e0 immediata una volta ritornati alla propria quotidianit\u00e0 lavorativa. Ci\u00f2 \u00e8 reso possibile, oltre che dalle esercitazioni pratiche tra i discenti, dalla presentazione di foto e video di casi clinici, e soprattutto dal trattamento di pazienti reali da parte del docente. Tali pazienti sono selezionati dagli organizzatori del Corso, oppure suggeriti dai partecipanti stessi.<\/p>\n<h3 style=\"text-align: center;\"><strong>Maggiori informazioni <span style=\"color: #000000;\">e iscrizioni <\/span><a href=\"https:\/\/www.formaction-italia.it\/manipolazioni-vertebrali-e-periferiche\/\" target=\"_blank\" rel=\"noopener\"><span style=\"color: #000000;\"><span style=\"color: #0000ff;\">Qui<\/span><\/span><\/a><\/strong><\/h3>\n<h3 style=\"text-align: center;\"><\/h3>\n","protected":false},"excerpt":{"rendered":"<p>CORSO DI CONTROLLO MOTORIO E RIEQUILIBRIO MUSCOLARE Il Corso di \u201cControllo Motorio\u201d ha come obiettivo quello di insegnare ad identificare se abitudini posturali, movimenti o altre situazioni di squilibrio tra diversi gruppi muscolari sono responsabili dei sintomi del paziente. I&#8230;<br \/><a class=\"read-more-button\" href=\"http:\/\/www.fisioleone.it\/site\/docenze\/\">Leggi il seguito<\/a><\/p>\n","protected":false},"author":1,"featured_media":0,"parent":0,"menu_order":40,"comment_status":"closed","ping_status":"closed","template":"template-full-width.php","meta":[],"_links":{"self":[{"href":"http:\/\/www.fisioleone.it\/site\/wp-json\/wp\/v2\/pages\/219"}],"collection":[{"href":"http:\/\/www.fisioleone.it\/site\/wp-json\/wp\/v2\/pages"}],"about":[{"href":"http:\/\/www.fisioleone.it\/site\/wp-json\/wp\/v2\/types\/page"}],"author":[{"embeddable":true,"href":"http:\/\/www.fisioleone.it\/site\/wp-json\/wp\/v2\/users\/1"}],"replies":[{"embeddable":true,"href":"http:\/\/www.fisioleone.it\/site\/wp-json\/wp\/v2\/comments?post=219"}],"version-history":[{"count":24,"href":"http:\/\/www.fisioleone.it\/site\/wp-json\/wp\/v2\/pages\/219\/revisions"}],"predecessor-version":[{"id":515,"href":"http:\/\/www.fisioleone.it\/site\/wp-json\/wp\/v2\/pages\/219\/revisions\/515"}],"wp:attachment":[{"href":"http:\/\/www.fisioleone.it\/site\/wp-json\/wp\/v2\/media?parent=219"}],"curies":[{"name":"wp","href":"https:\/\/api.w.org\/{rel}","templated":true}]}}